{"id":1008,"date":"2024-09-04T15:02:48","date_gmt":"2024-09-04T12:02:48","guid":{"rendered":"https:\/\/meritie.sivustamo.dev\/hamntjanster\/"},"modified":"2024-09-23T15:07:26","modified_gmt":"2024-09-23T12:07:26","slug":"hamntjanster","status":"publish","type":"page","link":"https:\/\/meritie.fi\/sv\/hamntjanster\/","title":{"rendered":"Hamntj\u00e4nster"},"content":{"rendered":"\t\t<div data-elementor-type=\"wp-page\" data-elementor-id=\"1008\" class=\"elementor elementor-1008 elementor-705\" data-elementor-post-type=\"page\">\n\t\t\t\t<div class=\"elementor-element elementor-element-d505444 e-con-full e-flex e-con e-parent\" data-id=\"d505444\" data-element_type=\"container\" data-e-type=\"container\" data-settings=\"{&quot;jet_parallax_layout_list&quot;:[]}\">\n\t\t\t\t<div class=\"elementor-element elementor-element-17d08ae elementor-widget elementor-widget-shortcode\" data-id=\"17d08ae\" data-element_type=\"widget\" data-e-type=\"widget\" data-widget_type=\"shortcode.default\">\n\t\t\t\t<div class=\"elementor-widget-container\">\n\t\t\t\t\t\t\t<div class=\"elementor-shortcode\">\t\t<div data-elementor-type=\"container\" data-elementor-id=\"510\" class=\"elementor elementor-510\" data-elementor-post-type=\"elementor_library\">\n\t\t\t\t<div class=\"elementor-element elementor-element-f13babf e-flex e-con-boxed e-con e-parent\" data-id=\"f13babf\" data-element_type=\"container\" data-e-type=\"container\" data-settings=\"{&quot;jet_parallax_layout_list&quot;:[]}\">\n\t\t\t\t\t<div class=\"e-con-inner\">\n\t\t<div class=\"elementor-element elementor-element-d62666b e-con-full e-flex e-con e-child\" data-id=\"d62666b\" data-element_type=\"container\" data-e-type=\"container\" data-settings=\"{&quot;jet_parallax_layout_list&quot;:[],&quot;background_background&quot;:&quot;classic&quot;}\">\n\t\t\t\t<\/div>\n\t\t\t\t\t<\/div>\n\t\t\t\t<\/div>\n\t\t\t\t<\/div>\n\t\t<\/div>\n\t\t\t\t\t\t<\/div>\n\t\t\t\t<\/div>\n\t\t\t\t<\/div>\n\t\t<div class=\"elementor-element elementor-element-dd3781e osiomargin e-flex e-con-boxed e-con e-parent\" data-id=\"dd3781e\" data-element_type=\"container\" data-e-type=\"container\" data-settings=\"{&quot;jet_parallax_layout_list&quot;:[]}\">\n\t\t\t\t\t<div class=\"e-con-inner\">\n\t\t\t\t<div class=\"elementor-element elementor-element-df141fe elementor-widget elementor-widget-text-editor\" data-id=\"df141fe\" data-element_type=\"widget\" data-e-type=\"widget\" data-widget_type=\"text-editor.default\">\n\t\t\t\t<div class=\"elementor-widget-container\">\n\t\t\t\t\t\t\t\t\t<p>Saariston Meritie Ab erbjuder hamntj\u00e4nster i Kemi i Veitsiluoto hamnen \u00e5t Stora Enso Oy.<\/p>\n<p><strong>Veitsiluoto hamnen s\u00e4kerhetschef:<\/strong><\/p>\n<p>Fredrik Bj\u00f6rkman<\/p>\n<p>+358408382508<\/p>\n<p><a href=\"mailto:fredrik.bjorkman@meritie.fi\"><a href=\"mailto:fredrik.bjorkman@meritie.fi\">fredrik.bjorkman@meritie.fi<\/a><\/a><\/p>\n<p><a href=\"https:\/\/meritie.fi\/wp-content\/uploads\/Jatehuoltosuunnitelma-Veitsiluoto-ver1.0Luonnos.pdf\"><a href=\"https:\/\/meritie.fi\/wp-content\/uploads\/Jatehuoltosuunnitelma-Veitsiluoto-ver1.0Luonnos.pdf\">Avfallshanteringsplan i Veitsiluoto hamn<\/a><\/a><\/p>\n\t\t\t\t\t\t\t\t<\/div>\n\t\t\t\t<\/div>\n\t\t\t\t\t<\/div>\n\t\t\t\t<\/div>\n\t\t\t\t<\/div>\n\t\t","protected":false},"excerpt":{"rendered":"<p>Saariston Meritie Ab erbjuder hamntj\u00e4nster i Kemi i Veitsiluoto hamnen \u00e5t Stora Enso Oy. Veitsiluoto hamnen s\u00e4kerhetschef: Fredrik Bj\u00f6rkman +358408382508 fredrik.bjorkman@meritie.fi Avfallshanteringsplan i Veitsiluoto hamn<\/p>\n","protected":false},"author":1,"featured_media":928,"parent":0,"menu_order":0,"comment_status":"closed","ping_status":"closed","template":"elementor_header_footer","meta":{"footnotes":""},"class_list":["post-1008","page","type-page","status-publish","has-post-thumbnail","hentry"],"yoast_head":"<!-- This site is optimized with the Yoast SEO plugin v27.3 - https:\/\/yoast.com\/product\/yoast-seo-wordpress\/ -->\n<title>Hamntj\u00e4nster - Saariston Meritie<\/title>\n<meta name=\"robots\" content=\"index, follow, max-snippet:-1, max-image-preview:large, max-video-preview:-1\" \/>\n<link rel=\"canonical\" href=\"https:\/\/meritie.fi\/sv\/hamntjanster\/\" \/>\n<meta property=\"og:locale\" content=\"sv_SE\" \/>\n<meta property=\"og:type\" content=\"article\" \/>\n<meta property=\"og:title\" content=\"Hamntj\u00e4nster - Saariston Meritie\" \/>\n<meta property=\"og:description\" content=\"Saariston Meritie Ab erbjuder hamntj\u00e4nster i Kemi i Veitsiluoto hamnen \u00e5t Stora Enso Oy. Veitsiluoto hamnen s\u00e4kerhetschef: Fredrik Bj\u00f6rkman +358408382508 fredrik.bjorkman@meritie.fi Avfallshanteringsplan i Veitsiluoto hamn\" \/>\n<meta property=\"og:url\" content=\"https:\/\/meritie.fi\/sv\/hamntjanster\/\" \/>\n<meta property=\"og:site_name\" content=\"Saariston Meritie\" \/>\n<meta property=\"article:modified_time\" content=\"2024-09-23T12:07:26+00:00\" \/>\n<meta property=\"og:image\" content=\"https:\/\/meritie.fi\/wp-content\/uploads\/2024\/09\/satamapalvelut_box.jpg\" \/>\n\t<meta property=\"og:image:width\" content=\"1214\" \/>\n\t<meta property=\"og:image:height\" content=\"533\" \/>\n\t<meta property=\"og:image:type\" content=\"image\/jpeg\" \/>\n<meta name=\"twitter:card\" content=\"summary_large_image\" \/>\n<script type=\"application\/ld+json\" class=\"yoast-schema-graph\">{\"@context\":\"https:\\\/\\\/schema.org\",\"@graph\":[{\"@type\":\"WebPage\",\"@id\":\"https:\\\/\\\/meritie.fi\\\/sv\\\/hamntjanster\\\/\",\"url\":\"https:\\\/\\\/meritie.fi\\\/sv\\\/hamntjanster\\\/\",\"name\":\"Hamntj\u00e4nster - Saariston Meritie\",\"isPartOf\":{\"@id\":\"https:\\\/\\\/meritie.fi\\\/sv\\\/#website\"},\"primaryImageOfPage\":{\"@id\":\"https:\\\/\\\/meritie.fi\\\/sv\\\/hamntjanster\\\/#primaryimage\"},\"image\":{\"@id\":\"https:\\\/\\\/meritie.fi\\\/sv\\\/hamntjanster\\\/#primaryimage\"},\"thumbnailUrl\":\"https:\\\/\\\/meritie.fi\\\/wp-content\\\/uploads\\\/2024\\\/09\\\/satamapalvelut_box.jpg\",\"datePublished\":\"2024-09-04T12:02:48+00:00\",\"dateModified\":\"2024-09-23T12:07:26+00:00\",\"breadcrumb\":{\"@id\":\"https:\\\/\\\/meritie.fi\\\/sv\\\/hamntjanster\\\/#breadcrumb\"},\"inLanguage\":\"sv-SE\",\"potentialAction\":[{\"@type\":\"ReadAction\",\"target\":[\"https:\\\/\\\/meritie.fi\\\/sv\\\/hamntjanster\\\/\"]}]},{\"@type\":\"ImageObject\",\"inLanguage\":\"sv-SE\",\"@id\":\"https:\\\/\\\/meritie.fi\\\/sv\\\/hamntjanster\\\/#primaryimage\",\"url\":\"https:\\\/\\\/meritie.fi\\\/wp-content\\\/uploads\\\/2024\\\/09\\\/satamapalvelut_box.jpg\",\"contentUrl\":\"https:\\\/\\\/meritie.fi\\\/wp-content\\\/uploads\\\/2024\\\/09\\\/satamapalvelut_box.jpg\",\"width\":1214,\"height\":533},{\"@type\":\"BreadcrumbList\",\"@id\":\"https:\\\/\\\/meritie.fi\\\/sv\\\/hamntjanster\\\/#breadcrumb\",\"itemListElement\":[{\"@type\":\"ListItem\",\"position\":1,\"name\":\"Etusivu\",\"item\":\"https:\\\/\\\/meritie.fi\\\/sv\\\/\"},{\"@type\":\"ListItem\",\"position\":2,\"name\":\"Hamntj\u00e4nster\"}]},{\"@type\":\"WebSite\",\"@id\":\"https:\\\/\\\/meritie.fi\\\/sv\\\/#website\",\"url\":\"https:\\\/\\\/meritie.fi\\\/sv\\\/\",\"name\":\"Saariston Meritie Oy\",\"description\":\"Merenkulun moniosaaja\",\"publisher\":{\"@id\":\"https:\\\/\\\/meritie.fi\\\/sv\\\/#organization\"},\"potentialAction\":[{\"@type\":\"SearchAction\",\"target\":{\"@type\":\"EntryPoint\",\"urlTemplate\":\"https:\\\/\\\/meritie.fi\\\/sv\\\/?s={search_term_string}\"},\"query-input\":{\"@type\":\"PropertyValueSpecification\",\"valueRequired\":true,\"valueName\":\"search_term_string\"}}],\"inLanguage\":\"sv-SE\"},{\"@type\":\"Organization\",\"@id\":\"https:\\\/\\\/meritie.fi\\\/sv\\\/#organization\",\"name\":\"Saariston Meritie Oy\",\"url\":\"https:\\\/\\\/meritie.fi\\\/sv\\\/\",\"logo\":{\"@type\":\"ImageObject\",\"inLanguage\":\"sv-SE\",\"@id\":\"https:\\\/\\\/meritie.fi\\\/sv\\\/#\\\/schema\\\/logo\\\/image\\\/\",\"url\":\"https:\\\/\\\/meritie.fi\\\/wp-content\\\/uploads\\\/2022\\\/02\\\/meritie_logo.svg\",\"contentUrl\":\"https:\\\/\\\/meritie.fi\\\/wp-content\\\/uploads\\\/2022\\\/02\\\/meritie_logo.svg\",\"width\":300.886,\"height\":69.539,\"caption\":\"Saariston Meritie Oy\"},\"image\":{\"@id\":\"https:\\\/\\\/meritie.fi\\\/sv\\\/#\\\/schema\\\/logo\\\/image\\\/\"}}]}<\/script>\n<!-- \/ Yoast SEO plugin. -->","yoast_head_json":{"title":"Hamntj\u00e4nster - Saariston Meritie","robots":{"index":"index","follow":"follow","max-snippet":"max-snippet:-1","max-image-preview":"max-image-preview:large","max-video-preview":"max-video-preview:-1"},"canonical":"https:\/\/meritie.fi\/sv\/hamntjanster\/","og_locale":"sv_SE","og_type":"article","og_title":"Hamntj\u00e4nster - Saariston Meritie","og_description":"Saariston Meritie Ab erbjuder hamntj\u00e4nster i Kemi i Veitsiluoto hamnen \u00e5t Stora Enso Oy. Veitsiluoto hamnen s\u00e4kerhetschef: Fredrik Bj\u00f6rkman +358408382508 fredrik.bjorkman@meritie.fi Avfallshanteringsplan i Veitsiluoto hamn","og_url":"https:\/\/meritie.fi\/sv\/hamntjanster\/","og_site_name":"Saariston Meritie","article_modified_time":"2024-09-23T12:07:26+00:00","og_image":[{"width":1214,"height":533,"url":"https:\/\/meritie.fi\/wp-content\/uploads\/2024\/09\/satamapalvelut_box.jpg","type":"image\/jpeg"}],"twitter_card":"summary_large_image","schema":{"@context":"https:\/\/schema.org","@graph":[{"@type":"WebPage","@id":"https:\/\/meritie.fi\/sv\/hamntjanster\/","url":"https:\/\/meritie.fi\/sv\/hamntjanster\/","name":"Hamntj\u00e4nster - Saariston Meritie","isPartOf":{"@id":"https:\/\/meritie.fi\/sv\/#website"},"primaryImageOfPage":{"@id":"https:\/\/meritie.fi\/sv\/hamntjanster\/#primaryimage"},"image":{"@id":"https:\/\/meritie.fi\/sv\/hamntjanster\/#primaryimage"},"thumbnailUrl":"https:\/\/meritie.fi\/wp-content\/uploads\/2024\/09\/satamapalvelut_box.jpg","datePublished":"2024-09-04T12:02:48+00:00","dateModified":"2024-09-23T12:07:26+00:00","breadcrumb":{"@id":"https:\/\/meritie.fi\/sv\/hamntjanster\/#breadcrumb"},"inLanguage":"sv-SE","potentialAction":[{"@type":"ReadAction","target":["https:\/\/meritie.fi\/sv\/hamntjanster\/"]}]},{"@type":"ImageObject","inLanguage":"sv-SE","@id":"https:\/\/meritie.fi\/sv\/hamntjanster\/#primaryimage","url":"https:\/\/meritie.fi\/wp-content\/uploads\/2024\/09\/satamapalvelut_box.jpg","contentUrl":"https:\/\/meritie.fi\/wp-content\/uploads\/2024\/09\/satamapalvelut_box.jpg","width":1214,"height":533},{"@type":"BreadcrumbList","@id":"https:\/\/meritie.fi\/sv\/hamntjanster\/#breadcrumb","itemListElement":[{"@type":"ListItem","position":1,"name":"Etusivu","item":"https:\/\/meritie.fi\/sv\/"},{"@type":"ListItem","position":2,"name":"Hamntj\u00e4nster"}]},{"@type":"WebSite","@id":"https:\/\/meritie.fi\/sv\/#website","url":"https:\/\/meritie.fi\/sv\/","name":"Saariston Meritie Oy","description":"Merenkulun moniosaaja","publisher":{"@id":"https:\/\/meritie.fi\/sv\/#organization"},"potentialAction":[{"@type":"SearchAction","target":{"@type":"EntryPoint","urlTemplate":"https:\/\/meritie.fi\/sv\/?s={search_term_string}"},"query-input":{"@type":"PropertyValueSpecification","valueRequired":true,"valueName":"search_term_string"}}],"inLanguage":"sv-SE"},{"@type":"Organization","@id":"https:\/\/meritie.fi\/sv\/#organization","name":"Saariston Meritie Oy","url":"https:\/\/meritie.fi\/sv\/","logo":{"@type":"ImageObject","inLanguage":"sv-SE","@id":"https:\/\/meritie.fi\/sv\/#\/schema\/logo\/image\/","url":"https:\/\/meritie.fi\/wp-content\/uploads\/2022\/02\/meritie_logo.svg","contentUrl":"https:\/\/meritie.fi\/wp-content\/uploads\/2022\/02\/meritie_logo.svg","width":300.886,"height":69.539,"caption":"Saariston Meritie Oy"},"image":{"@id":"https:\/\/meritie.fi\/sv\/#\/schema\/logo\/image\/"}}]}},"_links":{"self":[{"href":"https:\/\/meritie.fi\/sv\/wp-json\/wp\/v2\/pages\/1008","targetHints":{"allow":["GET"]}}],"collection":[{"href":"https:\/\/meritie.fi\/sv\/wp-json\/wp\/v2\/pages"}],"about":[{"href":"https:\/\/meritie.fi\/sv\/wp-json\/wp\/v2\/types\/page"}],"author":[{"embeddable":true,"href":"https:\/\/meritie.fi\/sv\/wp-json\/wp\/v2\/users\/1"}],"replies":[{"embeddable":true,"href":"https:\/\/meritie.fi\/sv\/wp-json\/wp\/v2\/comments?post=1008"}],"version-history":[{"count":1,"href":"https:\/\/meritie.fi\/sv\/wp-json\/wp\/v2\/pages\/1008\/revisions"}],"predecessor-version":[{"id":1009,"href":"https:\/\/meritie.fi\/sv\/wp-json\/wp\/v2\/pages\/1008\/revisions\/1009"}],"wp:featuredmedia":[{"embeddable":true,"href":"https:\/\/meritie.fi\/sv\/wp-json\/wp\/v2\/media\/928"}],"wp:attachment":[{"href":"https:\/\/meritie.fi\/sv\/wp-json\/wp\/v2\/media?parent=1008"}],"curies":[{"name":"wp","href":"https:\/\/api.w.org\/{rel}","templated":true}]}}