{"id":979,"date":"2024-09-04T13:54:51","date_gmt":"2024-09-04T10:54:51","guid":{"rendered":"https:\/\/meritie.sivustamo.dev\/bekampning-av-miljoskador\/"},"modified":"2024-10-03T10:10:12","modified_gmt":"2024-10-03T07:10:12","slug":"bekampning-av-miljoskador","status":"publish","type":"page","link":"https:\/\/meritie.fi\/sv\/bekampning-av-miljoskador\/","title":{"rendered":"Bek\u00e4mpning av milj\u00f6skador"},"content":{"rendered":"\t\t<div data-elementor-type=\"wp-page\" data-elementor-id=\"979\" class=\"elementor elementor-979 elementor-644\" data-elementor-post-type=\"page\">\n\t\t\t\t<div class=\"elementor-element elementor-element-d505444 e-con-full e-flex e-con e-parent\" data-id=\"d505444\" data-element_type=\"container\" data-e-type=\"container\" data-settings=\"{&quot;jet_parallax_layout_list&quot;:[]}\">\n\t\t\t\t<div class=\"elementor-element elementor-element-17d08ae elementor-widget elementor-widget-shortcode\" data-id=\"17d08ae\" data-element_type=\"widget\" data-e-type=\"widget\" data-widget_type=\"shortcode.default\">\n\t\t\t\t<div class=\"elementor-widget-container\">\n\t\t\t\t\t\t\t<div class=\"elementor-shortcode\">\t\t<div data-elementor-type=\"container\" data-elementor-id=\"510\" class=\"elementor elementor-510\" data-elementor-post-type=\"elementor_library\">\n\t\t\t\t<div class=\"elementor-element elementor-element-f13babf e-flex e-con-boxed e-con e-parent\" data-id=\"f13babf\" data-element_type=\"container\" data-e-type=\"container\" data-settings=\"{&quot;jet_parallax_layout_list&quot;:[]}\">\n\t\t\t\t\t<div class=\"e-con-inner\">\n\t\t<div class=\"elementor-element elementor-element-d62666b e-con-full e-flex e-con e-child\" data-id=\"d62666b\" data-element_type=\"container\" data-e-type=\"container\" data-settings=\"{&quot;jet_parallax_layout_list&quot;:[],&quot;background_background&quot;:&quot;classic&quot;}\">\n\t\t\t\t<\/div>\n\t\t\t\t\t<\/div>\n\t\t\t\t<\/div>\n\t\t\t\t<\/div>\n\t\t<\/div>\n\t\t\t\t\t\t<\/div>\n\t\t\t\t<\/div>\n\t\t\t\t<\/div>\n\t\t<div class=\"elementor-element elementor-element-dd3781e osiomargin e-flex e-con-boxed e-con e-parent\" data-id=\"dd3781e\" data-element_type=\"container\" data-e-type=\"container\" data-settings=\"{&quot;jet_parallax_layout_list&quot;:[]}\">\n\t\t\t\t\t<div class=\"e-con-inner\">\n\t\t\t\t<div class=\"elementor-element elementor-element-df141fe elementor-widget elementor-widget-text-editor\" data-id=\"df141fe\" data-element_type=\"widget\" data-e-type=\"widget\" data-widget_type=\"text-editor.default\">\n\t\t\t\t<div class=\"elementor-widget-container\">\n\t\t\t\t\t\t\t\t\t<p>Den livliga fartygstrafiken p\u00e5 \u00d6stersj\u00f6n medf\u00f6r en risk f\u00f6r oljeutsl\u00e4pp i havet vilket man b\u00f6r vara f\u00f6rberedd p\u00e5. Gr\u00e4nsbevakningsv\u00e4sendet ansvarar f\u00f6r oljebek\u00e4mpningsberedskapen i Finland. <\/p>\n<p>Med n\u00e4stan 10 \u00e5rs erfarenhet av oljebek\u00e4mningstj\u00e4nster erbjuder.<\/p>\n<p>vi gr\u00e4nsbevakningsv\u00e4sendet oljebek\u00e4mpningstj\u00e4nster p\u00e5 \u00f6stra Finska viken med oljebek\u00e4mpningsfartyget <a href=\"https:\/\/meritie.fi\/sv\/alukset\/m-s-grisslan\/\">M\/S Grisslan<\/a>, som \u00e4r stationerad i Lovisa och p\u00e5 bottenviken med oljebek\u00e4mpningsfartyget <a href=\"https:\/\/meritie.fi\/sv\/alukset\/m-s-aalto\/\">M\/S Aalto<\/a>, som \u00e4r stationerad i Kalajoki. De centrala stationeringshamnarna i relation till havsomr\u00e5den i fr\u00e5ga m\u00f6jligg\u00f6r korta respons tider vid en eventuell olycka. <\/p>\n<p>V\u00e5ra oljebek\u00e4mpningsfartyg \u00e4r bemannade 24 timmar i dygnet under oljebek\u00e4mpnings s\u00e4songen. Fartygets bes\u00e4ttning \u00f6var regulj\u00e4rt b\u00e5de p\u00e5 egen hand och i samarbete med olika myndigheter f\u00f6r att s\u00e4kerst\u00e4lla kvaliteten p\u00e5 tj\u00e4nsterna. <\/p>\n<p>L\u00e4s mer om bek\u00e4mpning av milj\u00f6olyckor p\u00e5 gr\u00e4nsbevakningens n\u00e4tsidor: <a href=\"https:\/\/raja.fi\/ymparistovahinkojen-torjunta\">www.raja.fi<\/a><\/p>\n\t\t\t\t\t\t\t\t<\/div>\n\t\t\t\t<\/div>\n\t\t\t\t<div class=\"elementor-element elementor-element-0778a38 elementor-widget elementor-widget-gallery\" data-id=\"0778a38\" data-element_type=\"widget\" data-e-type=\"widget\" data-settings=\"{&quot;columns&quot;:6,&quot;columns_mobile&quot;:2,&quot;aspect_ratio&quot;:&quot;4:3&quot;,&quot;columns_laptop&quot;:5,&quot;columns_tablet&quot;:4,&quot;lazyload&quot;:&quot;yes&quot;,&quot;gallery_layout&quot;:&quot;grid&quot;,&quot;gap&quot;:{&quot;unit&quot;:&quot;px&quot;,&quot;size&quot;:10,&quot;sizes&quot;:[]},&quot;gap_laptop&quot;:{&quot;unit&quot;:&quot;px&quot;,&quot;size&quot;:10,&quot;sizes&quot;:[]},&quot;gap_tablet&quot;:{&quot;unit&quot;:&quot;px&quot;,&quot;size&quot;:10,&quot;sizes&quot;:[]},&quot;gap_mobile&quot;:{&quot;unit&quot;:&quot;px&quot;,&quot;size&quot;:10,&quot;sizes&quot;:[]},&quot;link_to&quot;:&quot;file&quot;,&quot;overlay_background&quot;:&quot;yes&quot;,&quot;content_hover_animation&quot;:&quot;fade-in&quot;}\" data-widget_type=\"gallery.default\">\n\t\t\t\t<div class=\"elementor-widget-container\">\n\t\t\t\t\t\t\t<div class=\"elementor-gallery__container\">\n\t\t\t\t\t\t\t<a class=\"e-gallery-item elementor-gallery-item elementor-animated-content\" href=\"https:\/\/meritie.fi\/wp-content\/uploads\/2024\/09\/1000000847.jpg.webp\" data-elementor-open-lightbox=\"yes\" data-elementor-lightbox-slideshow=\"0778a38\" data-e-action-hash=\"#elementor-action%3Aaction%3Dlightbox%26settings%3DeyJpZCI6OTMyLCJ1cmwiOiJodHRwczpcL1wvbWVyaXRpZS5maVwvd3AtY29udGVudFwvdXBsb2Fkc1wvMjAyNFwvMDlcLzEwMDAwMDA4NDcuanBnLndlYnAiLCJzbGlkZXNob3ciOiIwNzc4YTM4In0%3D\">\n\t\t\t\t\t<div class=\"e-gallery-image elementor-gallery-item__image\" data-thumbnail=\"https:\/\/meritie.fi\/wp-content\/uploads\/2024\/09\/1000000847.jpg.webp\" data-width=\"2040\" data-height=\"1536\" aria-label=\"\" role=\"img\" ><\/div>\n\t\t\t\t\t\t\t\t\t\t\t<div class=\"elementor-gallery-item__overlay\"><\/div>\n\t\t\t\t\t\t\t\t\t\t\t\t\t\t<\/a>\n\t\t\t\t\t\t\t<a class=\"e-gallery-item elementor-gallery-item elementor-animated-content\" href=\"https:\/\/meritie.fi\/wp-content\/uploads\/2024\/09\/1000001993.jpg.webp\" data-elementor-open-lightbox=\"yes\" data-elementor-lightbox-slideshow=\"0778a38\" data-e-action-hash=\"#elementor-action%3Aaction%3Dlightbox%26settings%3DeyJpZCI6OTMzLCJ1cmwiOiJodHRwczpcL1wvbWVyaXRpZS5maVwvd3AtY29udGVudFwvdXBsb2Fkc1wvMjAyNFwvMDlcLzEwMDAwMDE5OTMuanBnLndlYnAiLCJzbGlkZXNob3ciOiIwNzc4YTM4In0%3D\">\n\t\t\t\t\t<div class=\"e-gallery-image elementor-gallery-item__image\" data-thumbnail=\"https:\/\/meritie.fi\/wp-content\/uploads\/2024\/09\/1000001993.jpg.webp\" data-width=\"1600\" data-height=\"1204\" aria-label=\"\" role=\"img\" ><\/div>\n\t\t\t\t\t\t\t\t\t\t\t<div class=\"elementor-gallery-item__overlay\"><\/div>\n\t\t\t\t\t\t\t\t\t\t\t\t\t\t<\/a>\n\t\t\t\t\t\t\t<a class=\"e-gallery-item elementor-gallery-item elementor-animated-content\" href=\"https:\/\/meritie.fi\/wp-content\/uploads\/2024\/09\/1000012379.jpg.webp\" data-elementor-open-lightbox=\"yes\" data-elementor-lightbox-slideshow=\"0778a38\" data-e-action-hash=\"#elementor-action%3Aaction%3Dlightbox%26settings%3DeyJpZCI6OTM0LCJ1cmwiOiJodHRwczpcL1wvbWVyaXRpZS5maVwvd3AtY29udGVudFwvdXBsb2Fkc1wvMjAyNFwvMDlcLzEwMDAwMTIzNzkuanBnLndlYnAiLCJzbGlkZXNob3ciOiIwNzc4YTM4In0%3D\">\n\t\t\t\t\t<div class=\"e-gallery-image elementor-gallery-item__image\" data-thumbnail=\"https:\/\/meritie.fi\/wp-content\/uploads\/2024\/09\/1000012379.jpg.webp\" data-width=\"1600\" data-height=\"1200\" aria-label=\"\" role=\"img\" ><\/div>\n\t\t\t\t\t\t\t\t\t\t\t<div class=\"elementor-gallery-item__overlay\"><\/div>\n\t\t\t\t\t\t\t\t\t\t\t\t\t\t<\/a>\n\t\t\t\t\t<\/div>\n\t\t\t\t\t<\/div>\n\t\t\t\t<\/div>\n\t\t\t\t\t<\/div>\n\t\t\t\t<\/div>\n\t\t\t\t<\/div>\n\t\t","protected":false},"excerpt":{"rendered":"<p>Den livliga fartygstrafiken p\u00e5 \u00d6stersj\u00f6n medf\u00f6r en risk f\u00f6r oljeutsl\u00e4pp i havet vilket man b\u00f6r vara f\u00f6rberedd p\u00e5. Gr\u00e4nsbevakningsv\u00e4sendet ansvarar f\u00f6r oljebek\u00e4mpningsberedskapen i Finland. Med n\u00e4stan 10 \u00e5rs erfarenhet av oljebek\u00e4mningstj\u00e4nster erbjuder. vi gr\u00e4nsbevakningsv\u00e4sendet oljebek\u00e4mpningstj\u00e4nster p\u00e5 \u00f6stra Finska viken med oljebek\u00e4mpningsfartyget M\/S Grisslan, som \u00e4r stationerad i Lovisa och p\u00e5 bottenviken med oljebek\u00e4mpningsfartyget M\/S Aalto, [&hellip;]<\/p>\n","protected":false},"author":1,"featured_media":934,"parent":0,"menu_order":0,"comment_status":"closed","ping_status":"closed","template":"elementor_header_footer","meta":{"footnotes":""},"class_list":["post-979","page","type-page","status-publish","has-post-thumbnail","hentry"],"yoast_head":"<!-- This site is optimized with the Yoast SEO plugin v27.3 - https:\/\/yoast.com\/product\/yoast-seo-wordpress\/ -->\n<title>Bek\u00e4mpning av milj\u00f6skador - Saariston Meritie<\/title>\n<meta name=\"robots\" content=\"index, follow, max-snippet:-1, max-image-preview:large, max-video-preview:-1\" \/>\n<link rel=\"canonical\" href=\"https:\/\/meritie.fi\/sv\/bekampning-av-miljoskador\/\" \/>\n<meta property=\"og:locale\" content=\"sv_SE\" \/>\n<meta property=\"og:type\" content=\"article\" \/>\n<meta property=\"og:title\" content=\"Bek\u00e4mpning av milj\u00f6skador - Saariston Meritie\" \/>\n<meta property=\"og:description\" content=\"Den livliga fartygstrafiken p\u00e5 \u00d6stersj\u00f6n medf\u00f6r en risk f\u00f6r oljeutsl\u00e4pp i havet vilket man b\u00f6r vara f\u00f6rberedd p\u00e5. Gr\u00e4nsbevakningsv\u00e4sendet ansvarar f\u00f6r oljebek\u00e4mpningsberedskapen i Finland. Med n\u00e4stan 10 \u00e5rs erfarenhet av oljebek\u00e4mningstj\u00e4nster erbjuder. vi gr\u00e4nsbevakningsv\u00e4sendet oljebek\u00e4mpningstj\u00e4nster p\u00e5 \u00f6stra Finska viken med oljebek\u00e4mpningsfartyget M\/S Grisslan, som \u00e4r stationerad i Lovisa och p\u00e5 bottenviken med oljebek\u00e4mpningsfartyget M\/S Aalto, [&hellip;]\" \/>\n<meta property=\"og:url\" content=\"https:\/\/meritie.fi\/sv\/bekampning-av-miljoskador\/\" \/>\n<meta property=\"og:site_name\" content=\"Saariston Meritie\" \/>\n<meta property=\"article:modified_time\" content=\"2024-10-03T07:10:12+00:00\" \/>\n<meta property=\"og:image\" content=\"https:\/\/meritie.fi\/wp-content\/uploads\/2024\/09\/yhteysalusliikenne_listauskuva.jpg\" \/>\n\t<meta property=\"og:image:width\" content=\"1214\" \/>\n\t<meta property=\"og:image:height\" content=\"533\" \/>\n\t<meta property=\"og:image:type\" content=\"image\/jpeg\" \/>\n<meta name=\"twitter:card\" content=\"summary_large_image\" \/>\n<meta name=\"twitter:label1\" content=\"Ber\u00e4knad l\u00e4stid\" \/>\n\t<meta name=\"twitter:data1\" content=\"1 minut\" \/>\n<script type=\"application\/ld+json\" class=\"yoast-schema-graph\">{\"@context\":\"https:\\\/\\\/schema.org\",\"@graph\":[{\"@type\":\"WebPage\",\"@id\":\"https:\\\/\\\/meritie.fi\\\/sv\\\/bekampning-av-miljoskador\\\/\",\"url\":\"https:\\\/\\\/meritie.fi\\\/sv\\\/bekampning-av-miljoskador\\\/\",\"name\":\"Bek\u00e4mpning av milj\u00f6skador - Saariston Meritie\",\"isPartOf\":{\"@id\":\"https:\\\/\\\/meritie.fi\\\/sv\\\/#website\"},\"primaryImageOfPage\":{\"@id\":\"https:\\\/\\\/meritie.fi\\\/sv\\\/bekampning-av-miljoskador\\\/#primaryimage\"},\"image\":{\"@id\":\"https:\\\/\\\/meritie.fi\\\/sv\\\/bekampning-av-miljoskador\\\/#primaryimage\"},\"thumbnailUrl\":\"https:\\\/\\\/meritie.fi\\\/wp-content\\\/uploads\\\/2024\\\/09\\\/1000012379.jpg.webp\",\"datePublished\":\"2024-09-04T10:54:51+00:00\",\"dateModified\":\"2024-10-03T07:10:12+00:00\",\"breadcrumb\":{\"@id\":\"https:\\\/\\\/meritie.fi\\\/sv\\\/bekampning-av-miljoskador\\\/#breadcrumb\"},\"inLanguage\":\"sv-SE\",\"potentialAction\":[{\"@type\":\"ReadAction\",\"target\":[\"https:\\\/\\\/meritie.fi\\\/sv\\\/bekampning-av-miljoskador\\\/\"]}]},{\"@type\":\"ImageObject\",\"inLanguage\":\"sv-SE\",\"@id\":\"https:\\\/\\\/meritie.fi\\\/sv\\\/bekampning-av-miljoskador\\\/#primaryimage\",\"url\":\"https:\\\/\\\/meritie.fi\\\/wp-content\\\/uploads\\\/2024\\\/09\\\/1000012379.jpg.webp\",\"contentUrl\":\"https:\\\/\\\/meritie.fi\\\/wp-content\\\/uploads\\\/2024\\\/09\\\/1000012379.jpg.webp\",\"width\":1600,\"height\":1200},{\"@type\":\"BreadcrumbList\",\"@id\":\"https:\\\/\\\/meritie.fi\\\/sv\\\/bekampning-av-miljoskador\\\/#breadcrumb\",\"itemListElement\":[{\"@type\":\"ListItem\",\"position\":1,\"name\":\"Etusivu\",\"item\":\"https:\\\/\\\/meritie.fi\\\/sv\\\/\"},{\"@type\":\"ListItem\",\"position\":2,\"name\":\"Bek\u00e4mpning av milj\u00f6skador\"}]},{\"@type\":\"WebSite\",\"@id\":\"https:\\\/\\\/meritie.fi\\\/sv\\\/#website\",\"url\":\"https:\\\/\\\/meritie.fi\\\/sv\\\/\",\"name\":\"Saariston Meritie Oy\",\"description\":\"Merenkulun moniosaaja\",\"publisher\":{\"@id\":\"https:\\\/\\\/meritie.fi\\\/sv\\\/#organization\"},\"potentialAction\":[{\"@type\":\"SearchAction\",\"target\":{\"@type\":\"EntryPoint\",\"urlTemplate\":\"https:\\\/\\\/meritie.fi\\\/sv\\\/?s={search_term_string}\"},\"query-input\":{\"@type\":\"PropertyValueSpecification\",\"valueRequired\":true,\"valueName\":\"search_term_string\"}}],\"inLanguage\":\"sv-SE\"},{\"@type\":\"Organization\",\"@id\":\"https:\\\/\\\/meritie.fi\\\/sv\\\/#organization\",\"name\":\"Saariston Meritie Oy\",\"url\":\"https:\\\/\\\/meritie.fi\\\/sv\\\/\",\"logo\":{\"@type\":\"ImageObject\",\"inLanguage\":\"sv-SE\",\"@id\":\"https:\\\/\\\/meritie.fi\\\/sv\\\/#\\\/schema\\\/logo\\\/image\\\/\",\"url\":\"https:\\\/\\\/meritie.fi\\\/wp-content\\\/uploads\\\/2022\\\/02\\\/meritie_logo.svg\",\"contentUrl\":\"https:\\\/\\\/meritie.fi\\\/wp-content\\\/uploads\\\/2022\\\/02\\\/meritie_logo.svg\",\"width\":300.886,\"height\":69.539,\"caption\":\"Saariston Meritie Oy\"},\"image\":{\"@id\":\"https:\\\/\\\/meritie.fi\\\/sv\\\/#\\\/schema\\\/logo\\\/image\\\/\"}}]}<\/script>\n<!-- \/ Yoast SEO plugin. -->","yoast_head_json":{"title":"Bek\u00e4mpning av milj\u00f6skador - Saariston Meritie","robots":{"index":"index","follow":"follow","max-snippet":"max-snippet:-1","max-image-preview":"max-image-preview:large","max-video-preview":"max-video-preview:-1"},"canonical":"https:\/\/meritie.fi\/sv\/bekampning-av-miljoskador\/","og_locale":"sv_SE","og_type":"article","og_title":"Bek\u00e4mpning av milj\u00f6skador - Saariston Meritie","og_description":"Den livliga fartygstrafiken p\u00e5 \u00d6stersj\u00f6n medf\u00f6r en risk f\u00f6r oljeutsl\u00e4pp i havet vilket man b\u00f6r vara f\u00f6rberedd p\u00e5. Gr\u00e4nsbevakningsv\u00e4sendet ansvarar f\u00f6r oljebek\u00e4mpningsberedskapen i Finland. Med n\u00e4stan 10 \u00e5rs erfarenhet av oljebek\u00e4mningstj\u00e4nster erbjuder. vi gr\u00e4nsbevakningsv\u00e4sendet oljebek\u00e4mpningstj\u00e4nster p\u00e5 \u00f6stra Finska viken med oljebek\u00e4mpningsfartyget M\/S Grisslan, som \u00e4r stationerad i Lovisa och p\u00e5 bottenviken med oljebek\u00e4mpningsfartyget M\/S Aalto, [&hellip;]","og_url":"https:\/\/meritie.fi\/sv\/bekampning-av-miljoskador\/","og_site_name":"Saariston Meritie","article_modified_time":"2024-10-03T07:10:12+00:00","og_image":[{"width":1214,"height":533,"url":"https:\/\/meritie.fi\/wp-content\/uploads\/2024\/09\/yhteysalusliikenne_listauskuva.jpg","type":"image\/jpeg"}],"twitter_card":"summary_large_image","twitter_misc":{"Ber\u00e4knad l\u00e4stid":"1 minut"},"schema":{"@context":"https:\/\/schema.org","@graph":[{"@type":"WebPage","@id":"https:\/\/meritie.fi\/sv\/bekampning-av-miljoskador\/","url":"https:\/\/meritie.fi\/sv\/bekampning-av-miljoskador\/","name":"Bek\u00e4mpning av milj\u00f6skador - Saariston Meritie","isPartOf":{"@id":"https:\/\/meritie.fi\/sv\/#website"},"primaryImageOfPage":{"@id":"https:\/\/meritie.fi\/sv\/bekampning-av-miljoskador\/#primaryimage"},"image":{"@id":"https:\/\/meritie.fi\/sv\/bekampning-av-miljoskador\/#primaryimage"},"thumbnailUrl":"https:\/\/meritie.fi\/wp-content\/uploads\/2024\/09\/1000012379.jpg.webp","datePublished":"2024-09-04T10:54:51+00:00","dateModified":"2024-10-03T07:10:12+00:00","breadcrumb":{"@id":"https:\/\/meritie.fi\/sv\/bekampning-av-miljoskador\/#breadcrumb"},"inLanguage":"sv-SE","potentialAction":[{"@type":"ReadAction","target":["https:\/\/meritie.fi\/sv\/bekampning-av-miljoskador\/"]}]},{"@type":"ImageObject","inLanguage":"sv-SE","@id":"https:\/\/meritie.fi\/sv\/bekampning-av-miljoskador\/#primaryimage","url":"https:\/\/meritie.fi\/wp-content\/uploads\/2024\/09\/1000012379.jpg.webp","contentUrl":"https:\/\/meritie.fi\/wp-content\/uploads\/2024\/09\/1000012379.jpg.webp","width":1600,"height":1200},{"@type":"BreadcrumbList","@id":"https:\/\/meritie.fi\/sv\/bekampning-av-miljoskador\/#breadcrumb","itemListElement":[{"@type":"ListItem","position":1,"name":"Etusivu","item":"https:\/\/meritie.fi\/sv\/"},{"@type":"ListItem","position":2,"name":"Bek\u00e4mpning av milj\u00f6skador"}]},{"@type":"WebSite","@id":"https:\/\/meritie.fi\/sv\/#website","url":"https:\/\/meritie.fi\/sv\/","name":"Saariston Meritie Oy","description":"Merenkulun moniosaaja","publisher":{"@id":"https:\/\/meritie.fi\/sv\/#organization"},"potentialAction":[{"@type":"SearchAction","target":{"@type":"EntryPoint","urlTemplate":"https:\/\/meritie.fi\/sv\/?s={search_term_string}"},"query-input":{"@type":"PropertyValueSpecification","valueRequired":true,"valueName":"search_term_string"}}],"inLanguage":"sv-SE"},{"@type":"Organization","@id":"https:\/\/meritie.fi\/sv\/#organization","name":"Saariston Meritie Oy","url":"https:\/\/meritie.fi\/sv\/","logo":{"@type":"ImageObject","inLanguage":"sv-SE","@id":"https:\/\/meritie.fi\/sv\/#\/schema\/logo\/image\/","url":"https:\/\/meritie.fi\/wp-content\/uploads\/2022\/02\/meritie_logo.svg","contentUrl":"https:\/\/meritie.fi\/wp-content\/uploads\/2022\/02\/meritie_logo.svg","width":300.886,"height":69.539,"caption":"Saariston Meritie Oy"},"image":{"@id":"https:\/\/meritie.fi\/sv\/#\/schema\/logo\/image\/"}}]}},"_links":{"self":[{"href":"https:\/\/meritie.fi\/sv\/wp-json\/wp\/v2\/pages\/979","targetHints":{"allow":["GET"]}}],"collection":[{"href":"https:\/\/meritie.fi\/sv\/wp-json\/wp\/v2\/pages"}],"about":[{"href":"https:\/\/meritie.fi\/sv\/wp-json\/wp\/v2\/types\/page"}],"author":[{"embeddable":true,"href":"https:\/\/meritie.fi\/sv\/wp-json\/wp\/v2\/users\/1"}],"replies":[{"embeddable":true,"href":"https:\/\/meritie.fi\/sv\/wp-json\/wp\/v2\/comments?post=979"}],"version-history":[{"count":2,"href":"https:\/\/meritie.fi\/sv\/wp-json\/wp\/v2\/pages\/979\/revisions"}],"predecessor-version":[{"id":1063,"href":"https:\/\/meritie.fi\/sv\/wp-json\/wp\/v2\/pages\/979\/revisions\/1063"}],"wp:featuredmedia":[{"embeddable":true,"href":"https:\/\/meritie.fi\/sv\/wp-json\/wp\/v2\/media\/934"}],"wp:attachment":[{"href":"https:\/\/meritie.fi\/sv\/wp-json\/wp\/v2\/media?parent=979"}],"curies":[{"name":"wp","href":"https:\/\/api.w.org\/{rel}","templated":true}]}}