{"id":998,"date":"2024-09-04T14:02:02","date_gmt":"2024-09-04T11:02:02","guid":{"rendered":"https:\/\/meritie.sivustamo.dev\/isbrytarkryssningar\/"},"modified":"2024-09-23T14:59:46","modified_gmt":"2024-09-23T11:59:46","slug":"isbrytarkryssningar","status":"publish","type":"page","link":"https:\/\/meritie.fi\/sv\/isbrytarkryssningar\/","title":{"rendered":"Isbrytarkryssningar"},"content":{"rendered":"\t\t<div data-elementor-type=\"wp-page\" data-elementor-id=\"998\" class=\"elementor elementor-998 elementor-663\" data-elementor-post-type=\"page\">\n\t\t\t\t<div class=\"elementor-element elementor-element-d505444 e-con-full e-flex e-con e-parent\" data-id=\"d505444\" data-element_type=\"container\" data-e-type=\"container\" data-settings=\"{&quot;jet_parallax_layout_list&quot;:[]}\">\n\t\t\t\t<div class=\"elementor-element elementor-element-17d08ae elementor-widget elementor-widget-shortcode\" data-id=\"17d08ae\" data-element_type=\"widget\" data-e-type=\"widget\" data-widget_type=\"shortcode.default\">\n\t\t\t\t<div class=\"elementor-widget-container\">\n\t\t\t\t\t\t\t<div class=\"elementor-shortcode\">\t\t<div data-elementor-type=\"container\" data-elementor-id=\"510\" class=\"elementor elementor-510\" data-elementor-post-type=\"elementor_library\">\n\t\t\t\t<div class=\"elementor-element elementor-element-f13babf e-flex e-con-boxed e-con e-parent\" data-id=\"f13babf\" data-element_type=\"container\" data-e-type=\"container\" data-settings=\"{&quot;jet_parallax_layout_list&quot;:[]}\">\n\t\t\t\t\t<div class=\"e-con-inner\">\n\t\t<div class=\"elementor-element elementor-element-d62666b e-con-full e-flex e-con e-child\" data-id=\"d62666b\" data-element_type=\"container\" data-e-type=\"container\" data-settings=\"{&quot;jet_parallax_layout_list&quot;:[],&quot;background_background&quot;:&quot;classic&quot;}\">\n\t\t\t\t<\/div>\n\t\t\t\t\t<\/div>\n\t\t\t\t<\/div>\n\t\t\t\t<\/div>\n\t\t<\/div>\n\t\t\t\t\t\t<\/div>\n\t\t\t\t<\/div>\n\t\t\t\t<\/div>\n\t\t<div class=\"elementor-element elementor-element-dd3781e osiomargin e-flex e-con-boxed e-con e-parent\" data-id=\"dd3781e\" data-element_type=\"container\" data-e-type=\"container\" data-settings=\"{&quot;jet_parallax_layout_list&quot;:[]}\">\n\t\t\t\t\t<div class=\"e-con-inner\">\n\t\t\t\t<div class=\"elementor-element elementor-element-df141fe elementor-widget elementor-widget-text-editor\" data-id=\"df141fe\" data-element_type=\"widget\" data-e-type=\"widget\" data-widget_type=\"text-editor.default\">\n\t\t\t\t<div class=\"elementor-widget-container\">\n\t\t\t\t\t\t\t\t\t<p>Kryssning med isbrytaren Arktis sker i Kemi och upplevelsen r\u00e4cker tre timmar. Kryssningen inkluderar skridsko\u00e5kning, ispromenader och ett diplom.<\/p>\n<p>Mera information: <a href=\"https:\/\/experience365.fi\/fi\/jaanmurtaja-arktis-risteily\/\">Isbrytarkryssningar med Arktis \/ Kemin Matkailu Oy.<\/a><\/p>\n\t\t\t\t\t\t\t\t<\/div>\n\t\t\t\t<\/div>\n\t\t\t\t\t<\/div>\n\t\t\t\t<\/div>\n\t\t<div class=\"elementor-element elementor-element-25adda2 e-flex e-con-boxed e-con e-parent\" data-id=\"25adda2\" data-element_type=\"container\" data-e-type=\"container\" data-settings=\"{&quot;jet_parallax_layout_list&quot;:[]}\">\n\t\t\t\t\t<div class=\"e-con-inner\">\n\t\t<div class=\"elementor-element elementor-element-1890ab9 e-con-full e-flex e-con e-child\" data-id=\"1890ab9\" data-element_type=\"container\" data-e-type=\"container\" data-settings=\"{&quot;jet_parallax_layout_list&quot;:[]}\">\n\t\t\t\t<div class=\"elementor-element elementor-element-6fdfb59 elementor-pagination-type-progressbar elementor-arrows-position-inside elementor-widget elementor-widget-n-carousel\" data-id=\"6fdfb59\" data-element_type=\"widget\" data-e-type=\"widget\" data-settings=\"{&quot;carousel_items&quot;:[{&quot;slide_title&quot;:&quot;Kellunta&quot;,&quot;_id&quot;:&quot;b003983&quot;},{&quot;slide_title&quot;:&quot;El\\u00e4mys&quot;,&quot;_id&quot;:&quot;3f28b82&quot;}],&quot;slides_to_show&quot;:&quot;1&quot;,&quot;pagination&quot;:&quot;progressbar&quot;,&quot;slides_to_show_tablet&quot;:&quot;1&quot;,&quot;slides_to_show_mobile&quot;:&quot;1&quot;,&quot;autoplay&quot;:&quot;yes&quot;,&quot;autoplay_speed&quot;:5000,&quot;pause_on_hover&quot;:&quot;yes&quot;,&quot;pause_on_interaction&quot;:&quot;yes&quot;,&quot;infinite&quot;:&quot;yes&quot;,&quot;speed&quot;:500,&quot;offset_sides&quot;:&quot;none&quot;,&quot;arrows&quot;:&quot;yes&quot;,&quot;image_spacing_custom&quot;:{&quot;unit&quot;:&quot;px&quot;,&quot;size&quot;:10,&quot;sizes&quot;:[]},&quot;image_spacing_custom_laptop&quot;:{&quot;unit&quot;:&quot;px&quot;,&quot;size&quot;:&quot;&quot;,&quot;sizes&quot;:[]},&quot;image_spacing_custom_tablet&quot;:{&quot;unit&quot;:&quot;px&quot;,&quot;size&quot;:&quot;&quot;,&quot;sizes&quot;:[]},&quot;image_spacing_custom_mobile&quot;:{&quot;unit&quot;:&quot;px&quot;,&quot;size&quot;:&quot;&quot;,&quot;sizes&quot;:[]}}\" data-widget_type=\"nested-carousel.default\">\n\t\t\t\t<div class=\"elementor-widget-container\">\n\t\t\t\t\t\t\t<div class=\"e-n-carousel swiper\" role=\"region\" aria-roledescription=\"carousel\" aria-label=\"Karusell\" dir=\"ltr\">\n\t\t\t<div class=\"swiper-wrapper\" aria-live=\"off\">\n\t\t\t\t\t\t\t\t\t\t<div class=\"swiper-slide\" data-slide=\"1\" role=\"group\" aria-roledescription=\"slide\" aria-label=\"1 av 2\">\n\t\t\t\t\t\t\t<div class=\"elementor-element elementor-element-a4133ad e-flex e-con-boxed e-con e-child\" data-id=\"a4133ad\" data-element_type=\"container\" data-e-type=\"container\" data-settings=\"{&quot;background_background&quot;:&quot;classic&quot;,&quot;jet_parallax_layout_list&quot;:[]}\">\n\t\t\t\t\t<div class=\"e-con-inner\">\n\t\t\t\t<div class=\"elementor-element elementor-element-15b0c67 elementor-widget elementor-widget-heading\" data-id=\"15b0c67\" data-element_type=\"widget\" data-e-type=\"widget\" data-widget_type=\"heading.default\">\n\t\t\t\t<div class=\"elementor-widget-container\">\n\t\t\t\t\t<h2 class=\"elementor-heading-title elementor-size-default\">Flytande<\/h2>\t\t\t\t<\/div>\n\t\t\t\t<\/div>\n\t\t\t\t<div class=\"elementor-element elementor-element-65fd283 elementor-widget elementor-widget-heading\" data-id=\"65fd283\" data-element_type=\"widget\" data-e-type=\"widget\" data-widget_type=\"heading.default\">\n\t\t\t\t<div class=\"elementor-widget-container\">\n\t\t\t\t\t<div class=\"elementor-heading-title elementor-size-default\">Har du n\u00e5gonsin fl\u00f6t i ett iskallt hav? <\/div>\t\t\t\t<\/div>\n\t\t\t\t<\/div>\n\t\t\t\t\t<\/div>\n\t\t\t\t<\/div>\n\t\t\t\t\t\t\t\t<\/div>\n\t\t\t\t\t\t\t\t\t\t\t<div class=\"swiper-slide\" data-slide=\"2\" role=\"group\" aria-roledescription=\"slide\" aria-label=\"2 av 2\">\n\t\t\t\t\t\t\t<div class=\"elementor-element elementor-element-8cdbd1a e-flex e-con-boxed e-con e-child\" data-id=\"8cdbd1a\" data-element_type=\"container\" data-e-type=\"container\" data-settings=\"{&quot;background_background&quot;:&quot;classic&quot;,&quot;jet_parallax_layout_list&quot;:[]}\">\n\t\t\t\t\t<div class=\"e-con-inner\">\n\t\t\t\t<div class=\"elementor-element elementor-element-1573f1f elementor-widget elementor-widget-heading\" data-id=\"1573f1f\" data-element_type=\"widget\" data-e-type=\"widget\" data-widget_type=\"heading.default\">\n\t\t\t\t<div class=\"elementor-widget-container\">\n\t\t\t\t\t<h2 class=\"elementor-heading-title elementor-size-default\">Erfarenhet<\/h2>\t\t\t\t<\/div>\n\t\t\t\t<\/div>\n\t\t\t\t\t<\/div>\n\t\t\t\t<\/div>\n\t\t\t\t\t\t\t\t<\/div>\n\t\t\t\t\t\t\t\t<\/div>\n\t\t<\/div>\n\t\t\t\t\t<div class=\"elementor-swiper-button elementor-swiper-button-prev\" role=\"button\" tabindex=\"0\" aria-label=\"F\u00f6reg\u00e5ende\">\n\t\t\t\t<svg xmlns=\"http:\/\/www.w3.org\/2000\/svg\" width=\"11.86\" height=\"11.871\" viewBox=\"0 0 11.86 11.871\"><path id=\"Path_32\" data-name=\"Path 32\" d=\"M6.6.174a.592.592,0,0,0-.838.838L9.577,4.832a.3.3,0,0,1-.209.51H.6A.6.6,0,0,0,0,5.93v0a.6.6,0,0,0,.6.595H9.368a.293.293,0,0,1,.209.5L5.743,10.861a.59.59,0,0,0,0,.837h0a.592.592,0,0,0,.838,0l4.933-4.933a1.185,1.185,0,0,0,0-1.676L6.6.174\" transform=\"translate(11.86 11.871) rotate(180)\"><\/path><\/svg>\t\t\t<\/div>\n\t\t\t<div class=\"elementor-swiper-button elementor-swiper-button-next\" role=\"button\" tabindex=\"0\" aria-label=\"N\u00e4sta\">\n\t\t\t\t<svg xmlns=\"http:\/\/www.w3.org\/2000\/svg\" width=\"11.86\" height=\"11.871\" viewBox=\"0 0 11.86 11.871\"><path id=\"Path_32\" data-name=\"Path 32\" d=\"M6.6.174a.592.592,0,0,0-.838.838L9.577,4.832a.3.3,0,0,1-.209.51H.6A.6.6,0,0,0,0,5.93v0a.6.6,0,0,0,.6.595H9.368a.293.293,0,0,1,.209.5L5.743,10.861a.59.59,0,0,0,0,.837h0a.592.592,0,0,0,.838,0l4.933-4.933a1.185,1.185,0,0,0,0-1.676L6.6.174\" transform=\"translate(0 0)\"><\/path><\/svg>\t\t\t<\/div>\n\t\t\t\t\t<div class=\"swiper-pagination\"><\/div>\n\t\t\t\t\t\t<\/div>\n\t\t\t\t<\/div>\n\t\t\t\t<\/div>\n\t\t\t\t\t<\/div>\n\t\t\t\t<\/div>\n\t\t\t\t<\/div>\n\t\t","protected":false},"excerpt":{"rendered":"<p>Kryssning med isbrytaren Arktis sker i Kemi och upplevelsen r\u00e4cker tre timmar. Kryssningen inkluderar skridsko\u00e5kning, ispromenader och ett diplom. Mera information: Isbrytarkryssningar med Arktis \/ Kemin Matkailu Oy. Flytande Har du n\u00e5gonsin fl\u00f6t i ett iskallt hav? Erfarenhet Flytande Har du n\u00e5gonsin fl\u00f6t i ett iskallt hav? Erfarenhet<\/p>\n","protected":false},"author":1,"featured_media":921,"parent":0,"menu_order":0,"comment_status":"closed","ping_status":"closed","template":"elementor_header_footer","meta":{"footnotes":""},"class_list":["post-998","page","type-page","status-publish","has-post-thumbnail","hentry"],"yoast_head":"<!-- This site is optimized with the Yoast SEO plugin v27.4 - https:\/\/yoast.com\/product\/yoast-seo-wordpress\/ -->\n<title>Isbrytarkryssningar - Saariston Meritie<\/title>\n<meta name=\"robots\" content=\"index, follow, max-snippet:-1, max-image-preview:large, max-video-preview:-1\" \/>\n<link rel=\"canonical\" href=\"https:\/\/meritie.fi\/sv\/isbrytarkryssningar\/\" \/>\n<meta property=\"og:locale\" content=\"sv_SE\" \/>\n<meta property=\"og:type\" content=\"article\" \/>\n<meta property=\"og:title\" content=\"Isbrytarkryssningar - Saariston Meritie\" \/>\n<meta property=\"og:description\" content=\"Kryssning med isbrytaren Arktis sker i Kemi och upplevelsen r\u00e4cker tre timmar. Kryssningen inkluderar skridsko\u00e5kning, ispromenader och ett diplom. Mera information: Isbrytarkryssningar med Arktis \/ Kemin Matkailu Oy. Flytande Har du n\u00e5gonsin fl\u00f6t i ett iskallt hav? Erfarenhet Flytande Har du n\u00e5gonsin fl\u00f6t i ett iskallt hav? Erfarenhet\" \/>\n<meta property=\"og:url\" content=\"https:\/\/meritie.fi\/sv\/isbrytarkryssningar\/\" \/>\n<meta property=\"og:site_name\" content=\"Saariston Meritie\" \/>\n<meta property=\"article:modified_time\" content=\"2024-09-23T11:59:46+00:00\" \/>\n<meta property=\"og:image\" content=\"https:\/\/meritie.fi\/wp-content\/uploads\/2024\/09\/meritie_hero.jpg\" \/>\n\t<meta property=\"og:image:width\" content=\"1529\" \/>\n\t<meta property=\"og:image:height\" content=\"860\" \/>\n\t<meta property=\"og:image:type\" content=\"image\/jpeg\" \/>\n<meta name=\"twitter:card\" content=\"summary_large_image\" \/>\n<script type=\"application\/ld+json\" class=\"yoast-schema-graph\">{\"@context\":\"https:\\\/\\\/schema.org\",\"@graph\":[{\"@type\":\"WebPage\",\"@id\":\"https:\\\/\\\/meritie.fi\\\/sv\\\/isbrytarkryssningar\\\/\",\"url\":\"https:\\\/\\\/meritie.fi\\\/sv\\\/isbrytarkryssningar\\\/\",\"name\":\"Isbrytarkryssningar - Saariston Meritie\",\"isPartOf\":{\"@id\":\"https:\\\/\\\/meritie.fi\\\/sv\\\/#website\"},\"primaryImageOfPage\":{\"@id\":\"https:\\\/\\\/meritie.fi\\\/sv\\\/isbrytarkryssningar\\\/#primaryimage\"},\"image\":{\"@id\":\"https:\\\/\\\/meritie.fi\\\/sv\\\/isbrytarkryssningar\\\/#primaryimage\"},\"thumbnailUrl\":\"https:\\\/\\\/meritie.fi\\\/wp-content\\\/uploads\\\/2024\\\/09\\\/meritie_hero.jpg\",\"datePublished\":\"2024-09-04T11:02:02+00:00\",\"dateModified\":\"2024-09-23T11:59:46+00:00\",\"breadcrumb\":{\"@id\":\"https:\\\/\\\/meritie.fi\\\/sv\\\/isbrytarkryssningar\\\/#breadcrumb\"},\"inLanguage\":\"sv-SE\",\"potentialAction\":[{\"@type\":\"ReadAction\",\"target\":[\"https:\\\/\\\/meritie.fi\\\/sv\\\/isbrytarkryssningar\\\/\"]}]},{\"@type\":\"ImageObject\",\"inLanguage\":\"sv-SE\",\"@id\":\"https:\\\/\\\/meritie.fi\\\/sv\\\/isbrytarkryssningar\\\/#primaryimage\",\"url\":\"https:\\\/\\\/meritie.fi\\\/wp-content\\\/uploads\\\/2024\\\/09\\\/meritie_hero.jpg\",\"contentUrl\":\"https:\\\/\\\/meritie.fi\\\/wp-content\\\/uploads\\\/2024\\\/09\\\/meritie_hero.jpg\",\"width\":1529,\"height\":860},{\"@type\":\"BreadcrumbList\",\"@id\":\"https:\\\/\\\/meritie.fi\\\/sv\\\/isbrytarkryssningar\\\/#breadcrumb\",\"itemListElement\":[{\"@type\":\"ListItem\",\"position\":1,\"name\":\"Etusivu\",\"item\":\"https:\\\/\\\/meritie.fi\\\/sv\\\/\"},{\"@type\":\"ListItem\",\"position\":2,\"name\":\"Isbrytarkryssningar\"}]},{\"@type\":\"WebSite\",\"@id\":\"https:\\\/\\\/meritie.fi\\\/sv\\\/#website\",\"url\":\"https:\\\/\\\/meritie.fi\\\/sv\\\/\",\"name\":\"Saariston Meritie Oy\",\"description\":\"Merenkulun moniosaaja\",\"publisher\":{\"@id\":\"https:\\\/\\\/meritie.fi\\\/sv\\\/#organization\"},\"potentialAction\":[{\"@type\":\"SearchAction\",\"target\":{\"@type\":\"EntryPoint\",\"urlTemplate\":\"https:\\\/\\\/meritie.fi\\\/sv\\\/?s={search_term_string}\"},\"query-input\":{\"@type\":\"PropertyValueSpecification\",\"valueRequired\":true,\"valueName\":\"search_term_string\"}}],\"inLanguage\":\"sv-SE\"},{\"@type\":\"Organization\",\"@id\":\"https:\\\/\\\/meritie.fi\\\/sv\\\/#organization\",\"name\":\"Saariston Meritie Oy\",\"url\":\"https:\\\/\\\/meritie.fi\\\/sv\\\/\",\"logo\":{\"@type\":\"ImageObject\",\"inLanguage\":\"sv-SE\",\"@id\":\"https:\\\/\\\/meritie.fi\\\/sv\\\/#\\\/schema\\\/logo\\\/image\\\/\",\"url\":\"https:\\\/\\\/meritie.fi\\\/wp-content\\\/uploads\\\/2022\\\/02\\\/meritie_logo.svg\",\"contentUrl\":\"https:\\\/\\\/meritie.fi\\\/wp-content\\\/uploads\\\/2022\\\/02\\\/meritie_logo.svg\",\"width\":300.886,\"height\":69.539,\"caption\":\"Saariston Meritie Oy\"},\"image\":{\"@id\":\"https:\\\/\\\/meritie.fi\\\/sv\\\/#\\\/schema\\\/logo\\\/image\\\/\"}}]}<\/script>\n<!-- \/ Yoast SEO plugin. -->","yoast_head_json":{"title":"Isbrytarkryssningar - Saariston Meritie","robots":{"index":"index","follow":"follow","max-snippet":"max-snippet:-1","max-image-preview":"max-image-preview:large","max-video-preview":"max-video-preview:-1"},"canonical":"https:\/\/meritie.fi\/sv\/isbrytarkryssningar\/","og_locale":"sv_SE","og_type":"article","og_title":"Isbrytarkryssningar - Saariston Meritie","og_description":"Kryssning med isbrytaren Arktis sker i Kemi och upplevelsen r\u00e4cker tre timmar. Kryssningen inkluderar skridsko\u00e5kning, ispromenader och ett diplom. Mera information: Isbrytarkryssningar med Arktis \/ Kemin Matkailu Oy. Flytande Har du n\u00e5gonsin fl\u00f6t i ett iskallt hav? Erfarenhet Flytande Har du n\u00e5gonsin fl\u00f6t i ett iskallt hav? Erfarenhet","og_url":"https:\/\/meritie.fi\/sv\/isbrytarkryssningar\/","og_site_name":"Saariston Meritie","article_modified_time":"2024-09-23T11:59:46+00:00","og_image":[{"width":1529,"height":860,"url":"https:\/\/meritie.fi\/wp-content\/uploads\/2024\/09\/meritie_hero.jpg","type":"image\/jpeg"}],"twitter_card":"summary_large_image","schema":{"@context":"https:\/\/schema.org","@graph":[{"@type":"WebPage","@id":"https:\/\/meritie.fi\/sv\/isbrytarkryssningar\/","url":"https:\/\/meritie.fi\/sv\/isbrytarkryssningar\/","name":"Isbrytarkryssningar - Saariston Meritie","isPartOf":{"@id":"https:\/\/meritie.fi\/sv\/#website"},"primaryImageOfPage":{"@id":"https:\/\/meritie.fi\/sv\/isbrytarkryssningar\/#primaryimage"},"image":{"@id":"https:\/\/meritie.fi\/sv\/isbrytarkryssningar\/#primaryimage"},"thumbnailUrl":"https:\/\/meritie.fi\/wp-content\/uploads\/2024\/09\/meritie_hero.jpg","datePublished":"2024-09-04T11:02:02+00:00","dateModified":"2024-09-23T11:59:46+00:00","breadcrumb":{"@id":"https:\/\/meritie.fi\/sv\/isbrytarkryssningar\/#breadcrumb"},"inLanguage":"sv-SE","potentialAction":[{"@type":"ReadAction","target":["https:\/\/meritie.fi\/sv\/isbrytarkryssningar\/"]}]},{"@type":"ImageObject","inLanguage":"sv-SE","@id":"https:\/\/meritie.fi\/sv\/isbrytarkryssningar\/#primaryimage","url":"https:\/\/meritie.fi\/wp-content\/uploads\/2024\/09\/meritie_hero.jpg","contentUrl":"https:\/\/meritie.fi\/wp-content\/uploads\/2024\/09\/meritie_hero.jpg","width":1529,"height":860},{"@type":"BreadcrumbList","@id":"https:\/\/meritie.fi\/sv\/isbrytarkryssningar\/#breadcrumb","itemListElement":[{"@type":"ListItem","position":1,"name":"Etusivu","item":"https:\/\/meritie.fi\/sv\/"},{"@type":"ListItem","position":2,"name":"Isbrytarkryssningar"}]},{"@type":"WebSite","@id":"https:\/\/meritie.fi\/sv\/#website","url":"https:\/\/meritie.fi\/sv\/","name":"Saariston Meritie Oy","description":"Merenkulun moniosaaja","publisher":{"@id":"https:\/\/meritie.fi\/sv\/#organization"},"potentialAction":[{"@type":"SearchAction","target":{"@type":"EntryPoint","urlTemplate":"https:\/\/meritie.fi\/sv\/?s={search_term_string}"},"query-input":{"@type":"PropertyValueSpecification","valueRequired":true,"valueName":"search_term_string"}}],"inLanguage":"sv-SE"},{"@type":"Organization","@id":"https:\/\/meritie.fi\/sv\/#organization","name":"Saariston Meritie Oy","url":"https:\/\/meritie.fi\/sv\/","logo":{"@type":"ImageObject","inLanguage":"sv-SE","@id":"https:\/\/meritie.fi\/sv\/#\/schema\/logo\/image\/","url":"https:\/\/meritie.fi\/wp-content\/uploads\/2022\/02\/meritie_logo.svg","contentUrl":"https:\/\/meritie.fi\/wp-content\/uploads\/2022\/02\/meritie_logo.svg","width":300.886,"height":69.539,"caption":"Saariston Meritie Oy"},"image":{"@id":"https:\/\/meritie.fi\/sv\/#\/schema\/logo\/image\/"}}]}},"_links":{"self":[{"href":"https:\/\/meritie.fi\/sv\/wp-json\/wp\/v2\/pages\/998","targetHints":{"allow":["GET"]}}],"collection":[{"href":"https:\/\/meritie.fi\/sv\/wp-json\/wp\/v2\/pages"}],"about":[{"href":"https:\/\/meritie.fi\/sv\/wp-json\/wp\/v2\/types\/page"}],"author":[{"embeddable":true,"href":"https:\/\/meritie.fi\/sv\/wp-json\/wp\/v2\/users\/1"}],"replies":[{"embeddable":true,"href":"https:\/\/meritie.fi\/sv\/wp-json\/wp\/v2\/comments?post=998"}],"version-history":[{"count":1,"href":"https:\/\/meritie.fi\/sv\/wp-json\/wp\/v2\/pages\/998\/revisions"}],"predecessor-version":[{"id":999,"href":"https:\/\/meritie.fi\/sv\/wp-json\/wp\/v2\/pages\/998\/revisions\/999"}],"wp:featuredmedia":[{"embeddable":true,"href":"https:\/\/meritie.fi\/sv\/wp-json\/wp\/v2\/media\/921"}],"wp:attachment":[{"href":"https:\/\/meritie.fi\/sv\/wp-json\/wp\/v2\/media?parent=998"}],"curies":[{"name":"wp","href":"https:\/\/api.w.org\/{rel}","templated":true}]}}